{"id":7322,"date":"2021-11-24T13:37:07","date_gmt":"2021-11-24T12:37:07","guid":{"rendered":"https:\/\/paypense.com\/imprint\/"},"modified":"2022-03-27T00:48:02","modified_gmt":"2022-03-26T23:48:02","slug":"imprint","status":"publish","type":"page","link":"https:\/\/paypense.com\/de\/imprint\/","title":{"rendered":"Impressum"},"content":{"rendered":"[vc_row type=&#8220;in_container&#8220; full_screen_row_position=&#8220;middle&#8220; column_margin=&#8220;default&#8220; column_direction=&#8220;default&#8220; column_direction_tablet=&#8220;default&#8220; column_direction_phone=&#8220;default&#8220; scene_position=&#8220;center&#8220; text_color=&#8220;dark&#8220; text_align=&#8220;left&#8220; row_border_radius=&#8220;none&#8220; row_border_radius_applies=&#8220;bg&#8220; overflow=&#8220;visible&#8220; advanced_gradient_angle=&#8220;0&#8243; overlay_strength=&#8220;0.3&#8243; gradient_direction=&#8220;left_to_right&#8220; shape_divider_position=&#8220;bottom&#8220; bg_image_animation=&#8220;none&#8220; gradient_type=&#8220;default&#8220; shape_type=&#8220;&#8220;][vc_column column_padding=&#8220;padding-5-percent&#8220; column_padding_tablet=&#8220;padding-8-percent&#8220; column_padding_phone=&#8220;padding-8-percent&#8220; column_padding_position=&#8220;top-bottom&#8220; column_element_spacing=&#8220;default&#8220; background_color_opacity=&#8220;1&#8243; background_hover_color_opacity=&#8220;1&#8243; column_shadow=&#8220;none&#8220; column_border_radius=&#8220;none&#8220; column_link_target=&#8220;_self&#8220; column_position=&#8220;default&#8220; advanced_gradient_angle=&#8220;0&#8243; gradient_direction=&#8220;left_to_right&#8220; overlay_strength=&#8220;0.3&#8243; width=&#8220;1\/1&#8243; tablet_width_inherit=&#8220;default&#8220; tablet_text_alignment=&#8220;default&#8220; phone_text_alignment=&#8220;default&#8220; animation_type=&#8220;default&#8220; bg_image_animation=&#8220;none&#8220; border_type=&#8220;simple&#8220; column_border_width=&#8220;none&#8220; column_border_style=&#8220;solid&#8220; gradient_type=&#8220;default&#8220;][vc_column_text]\n<h3>Angaben gem\u00e4\u00df \u00a7 5 TMG<\/h3>\n<p><strong>NTC Aktiengesellschaft<\/strong><br \/>\nvertreten durch <strong>Christopher Hecht<\/strong><\/p>\n<p>Schuetzenstr. 21<br \/>\n96047 Bamberg<\/p>\n<p>Amtsgericht Bamberg <strong>HRB 9859<\/strong><br \/>\nUmsatzsteuer-Id.-Nr. nach \u00a7 27a UStG: <strong>DE328056472<\/strong><\/p>\n<p><strong>Kontakt:<\/strong><br \/>\nTelefon: <a href=\"tel:+4995197435403\">+49 (0)951 &#8211; 974 354 03<\/a><br \/>\nE-Mail: <a href=\"mailto:office@paypense.com\">office@paypense.com<\/a>[\/vc_column_text][vc_column_text]Design: <a href=\"http:\/\/www.nordicworking.com\" target=\"_blank\" rel=\"noopener\">nordicworking.com<\/a><br \/>\nUmsetzung: <a href=\"https:\/\/livius-fach.de\" target=\"_blank\" rel=\"noopener\">https:\/\/livius-fach.de<\/a>[\/vc_column_text][vc_column_text]\n<h1>Haftungsausschluss<\/h1>\n[\/vc_column_text][vc_column_text]\n<h3>Verantwortlichkeit f\u00fcr den Inhalt<\/h3>\n<p>Die Inhalte unserer Seiten wurden mit gr\u00f6\u00dfter Sorgfalt erstellt. F\u00fcr die Richtigkeit, Vollst\u00e4ndigkeit und Aktualit\u00e4t der Inhalte k\u00f6nnen wir jedoch keine Gew\u00e4hr \u00fcbernehmen. Gem\u00e4\u00df den gesetzlichen Bestimmungen sind wir dar\u00fcber hinaus f\u00fcr eigene Inhalte auf diesen Seiten verantwortlich. Wir weisen in diesem Zusammenhang darauf hin, dass wir nicht verpflichtet sind, \u00fcbermittelte oder gespeicherte fremde Informationen zu \u00fcberwachen oder nach Umst\u00e4nden zu forschen, die auf eine rechtswidrige T\u00e4tigkeit hinweisen. Verpflichtungen zur Entfernung oder Sperrung der Nutzung von Informationen nach den allgemeinen Gesetzen bleiben hiervon gem\u00e4\u00df \u00a7\u00a7 8 bis 10 Telemediengesetz (TMG) unber\u00fchrt.<\/p>\n<h3>Verantwortlichkeit f\u00fcr Links<\/h3>\n<p>F\u00fcr den Inhalt externer Links (zu Webseiten Dritter) sind ausschlie\u00dflich deren Betreiber verantwortlich. Zum Zeitpunkt der Verlinkung waren f\u00fcr uns keine Rechtsverst\u00f6\u00dfe ersichtlich. Bei Bekanntwerden von Rechtsverst\u00f6\u00dfen werden wir den entsprechenden Link umgehend entfernen.<\/p>\n<h3>Urheberrecht<\/h3>\n<p>Unsere Webseiten und deren Inhalte unterliegen dem deutschen Urheberrecht. Jede Form der Verwertung, Vervielf\u00e4ltigung oder Bearbeitung urheberrechtlich gesch\u00fctzter Werke auf unseren Webseiten bedarf, soweit nicht ausdr\u00fccklich gesetzlich erlaubt, der vorherigen Zustimmung des jeweiligen Rechteinhabers. Einzelne Vervielf\u00e4ltigungen eines Werkes sind nur f\u00fcr den privaten Gebrauch gestattet. Die Materialien auf diesen Seiten sind urheberrechtlich gesch\u00fctzt und jede unerlaubte Nutzung kann gegen das Urheberrecht versto\u00dfen.[\/vc_column_text][\/vc_column][\/vc_row]\n","protected":false},"excerpt":{"rendered":"<p>[vc_row type=&#8220;in_container&#8220; full_screen_row_position=&#8220;middle&#8220; column_margin=&#8220;default&#8220; column_direction=&#8220;default&#8220; column_direction_tablet=&#8220;default&#8220; column_direction_phone=&#8220;default&#8220; scene_position=&#8220;center&#8220; text_color=&#8220;dark&#8220; text_align=&#8220;left&#8220; row_border_radius=&#8220;none&#8220; row_border_radius_applies=&#8220;bg&#8220; overflow=&#8220;visible&#8220; advanced_gradient_angle=&#8220;0&#8243; overlay_strength=&#8220;0.3&#8243; gradient_direction=&#8220;left_to_right&#8220; shape_divider_position=&#8220;bottom&#8220; bg_image_animation=&#8220;none&#8220; gradient_type=&#8220;default&#8220; shape_type=&#8220;&#8220;][vc_column column_padding=&#8220;padding-5-percent&#8220; column_padding_tablet=&#8220;padding-8-percent&#8220; column_padding_phone=&#8220;padding-8-percent&#8220; column_padding_position=&#8220;top-bottom&#8220; column_element_spacing=&#8220;default&#8220; background_color_opacity=&#8220;1&#8243; background_hover_color_opacity=&#8220;1&#8243; column_shadow=&#8220;none&#8220; column_border_radius=&#8220;none&#8220; column_link_target=&#8220;_self&#8220; column_position=&#8220;default&#8220; advanced_gradient_angle=&#8220;0&#8243; gradient_direction=&#8220;left_to_right&#8220; overlay_strength=&#8220;0.3&#8243; width=&#8220;1\/1&#8243;&#8230;<\/p>\n","protected":false},"author":1,"featured_media":0,"parent":0,"menu_order":0,"comment_status":"closed","ping_status":"closed","template":"","meta":{"_wp_rev_ctl_limit":""},"yoast_head":"<!-- This site is optimized with the Yoast SEO plugin v21.1 - https:\/\/yoast.com\/wordpress\/plugins\/seo\/ -->\n<title>Impressum | paypense.com<\/title>\n<meta name=\"robots\" content=\"index, follow, max-snippet:-1, max-image-preview:large, max-video-preview:-1\" \/>\n<link rel=\"canonical\" href=\"https:\/\/paypense.com\/de\/imprint\/\" \/>\n<meta property=\"og:locale\" content=\"de_DE\" \/>\n<meta property=\"og:type\" content=\"article\" \/>\n<meta property=\"og:title\" content=\"Impressum | paypense.com\" \/>\n<meta property=\"og:description\" content=\"[vc_row type=&#8220;in_container&#8220; full_screen_row_position=&#8220;middle&#8220; column_margin=&#8220;default&#8220; column_direction=&#8220;default&#8220; column_direction_tablet=&#8220;default&#8220; column_direction_phone=&#8220;default&#8220; scene_position=&#8220;center&#8220; text_color=&#8220;dark&#8220; text_align=&#8220;left&#8220; row_border_radius=&#8220;none&#8220; row_border_radius_applies=&#8220;bg&#8220; overflow=&#8220;visible&#8220; advanced_gradient_angle=&#8220;0&#8243; overlay_strength=&#8220;0.3&#8243; gradient_direction=&#8220;left_to_right&#8220; shape_divider_position=&#8220;bottom&#8220; bg_image_animation=&#8220;none&#8220; gradient_type=&#8220;default&#8220; shape_type=&#8220;&#8220;][vc_column column_padding=&#8220;padding-5-percent&#8220; column_padding_tablet=&#8220;padding-8-percent&#8220; column_padding_phone=&#8220;padding-8-percent&#8220; column_padding_position=&#8220;top-bottom&#8220; column_element_spacing=&#8220;default&#8220; background_color_opacity=&#8220;1&#8243; background_hover_color_opacity=&#8220;1&#8243; column_shadow=&#8220;none&#8220; column_border_radius=&#8220;none&#8220; column_link_target=&#8220;_self&#8220; column_position=&#8220;default&#8220; advanced_gradient_angle=&#8220;0&#8243; gradient_direction=&#8220;left_to_right&#8220; overlay_strength=&#8220;0.3&#8243; width=&#8220;1\/1&#8243;...\" \/>\n<meta property=\"og:url\" content=\"https:\/\/paypense.com\/de\/imprint\/\" \/>\n<meta property=\"og:site_name\" content=\"paypense.com\" \/>\n<meta property=\"article:modified_time\" content=\"2022-03-26T23:48:02+00:00\" \/>\n<meta property=\"og:image\" content=\"https:\/\/paypense.com\/wp-content\/uploads\/2022\/03\/PayPense_Logo_FB.png\" \/>\n\t<meta property=\"og:image:width\" content=\"1200\" \/>\n\t<meta property=\"og:image:height\" content=\"630\" \/>\n\t<meta property=\"og:image:type\" content=\"image\/png\" \/>\n<meta name=\"twitter:card\" content=\"summary_large_image\" \/>\n<meta name=\"twitter:label1\" content=\"Gesch\u00e4tzte Lesezeit\" \/>\n\t<meta name=\"twitter:data1\" content=\"2 Minuten\" \/>\n<script type=\"application\/ld+json\" class=\"yoast-schema-graph\">{\"@context\":\"https:\/\/schema.org\",\"@graph\":[{\"@type\":\"WebPage\",\"@id\":\"https:\/\/paypense.com\/de\/imprint\/\",\"url\":\"https:\/\/paypense.com\/de\/imprint\/\",\"name\":\"Impressum | paypense.com\",\"isPartOf\":{\"@id\":\"https:\/\/paypense.com\/de\/#website\"},\"datePublished\":\"2021-11-24T12:37:07+00:00\",\"dateModified\":\"2022-03-26T23:48:02+00:00\",\"breadcrumb\":{\"@id\":\"https:\/\/paypense.com\/de\/imprint\/#breadcrumb\"},\"inLanguage\":\"de-DE\",\"potentialAction\":[{\"@type\":\"ReadAction\",\"target\":[\"https:\/\/paypense.com\/de\/imprint\/\"]}]},{\"@type\":\"BreadcrumbList\",\"@id\":\"https:\/\/paypense.com\/de\/imprint\/#breadcrumb\",\"itemListElement\":[{\"@type\":\"ListItem\",\"position\":1,\"name\":\"Startseite\",\"item\":\"https:\/\/paypense.com\/de\/\"},{\"@type\":\"ListItem\",\"position\":2,\"name\":\"Impressum\"}]},{\"@type\":\"WebSite\",\"@id\":\"https:\/\/paypense.com\/de\/#website\",\"url\":\"https:\/\/paypense.com\/de\/\",\"name\":\"paypense.com\",\"description\":\"your intelligent expense\",\"publisher\":{\"@id\":\"https:\/\/paypense.com\/de\/#organization\"},\"potentialAction\":[{\"@type\":\"SearchAction\",\"target\":{\"@type\":\"EntryPoint\",\"urlTemplate\":\"https:\/\/paypense.com\/de\/?s={search_term_string}\"},\"query-input\":\"required name=search_term_string\"}],\"inLanguage\":\"de-DE\"},{\"@type\":\"Organization\",\"@id\":\"https:\/\/paypense.com\/de\/#organization\",\"name\":\"PayPense\",\"url\":\"https:\/\/paypense.com\/de\/\",\"logo\":{\"@type\":\"ImageObject\",\"inLanguage\":\"de-DE\",\"@id\":\"https:\/\/paypense.com\/de\/#\/schema\/logo\/image\/\",\"url\":\"https:\/\/paypense.com\/wp-content\/uploads\/2021\/11\/placeholder_partner_color.png\",\"contentUrl\":\"https:\/\/paypense.com\/wp-content\/uploads\/2021\/11\/placeholder_partner_color.png\",\"width\":200,\"height\":52,\"caption\":\"PayPense\"},\"image\":{\"@id\":\"https:\/\/paypense.com\/de\/#\/schema\/logo\/image\/\"}}]}<\/script>\n<!-- \/ Yoast SEO plugin. -->","yoast_head_json":{"title":"Impressum | paypense.com","robots":{"index":"index","follow":"follow","max-snippet":"max-snippet:-1","max-image-preview":"max-image-preview:large","max-video-preview":"max-video-preview:-1"},"canonical":"https:\/\/paypense.com\/de\/imprint\/","og_locale":"de_DE","og_type":"article","og_title":"Impressum | paypense.com","og_description":"[vc_row type=&#8220;in_container&#8220; full_screen_row_position=&#8220;middle&#8220; column_margin=&#8220;default&#8220; column_direction=&#8220;default&#8220; column_direction_tablet=&#8220;default&#8220; column_direction_phone=&#8220;default&#8220; scene_position=&#8220;center&#8220; text_color=&#8220;dark&#8220; text_align=&#8220;left&#8220; row_border_radius=&#8220;none&#8220; row_border_radius_applies=&#8220;bg&#8220; overflow=&#8220;visible&#8220; advanced_gradient_angle=&#8220;0&#8243; overlay_strength=&#8220;0.3&#8243; gradient_direction=&#8220;left_to_right&#8220; shape_divider_position=&#8220;bottom&#8220; bg_image_animation=&#8220;none&#8220; gradient_type=&#8220;default&#8220; shape_type=&#8220;&#8220;][vc_column column_padding=&#8220;padding-5-percent&#8220; column_padding_tablet=&#8220;padding-8-percent&#8220; column_padding_phone=&#8220;padding-8-percent&#8220; column_padding_position=&#8220;top-bottom&#8220; column_element_spacing=&#8220;default&#8220; background_color_opacity=&#8220;1&#8243; background_hover_color_opacity=&#8220;1&#8243; column_shadow=&#8220;none&#8220; column_border_radius=&#8220;none&#8220; column_link_target=&#8220;_self&#8220; column_position=&#8220;default&#8220; advanced_gradient_angle=&#8220;0&#8243; gradient_direction=&#8220;left_to_right&#8220; overlay_strength=&#8220;0.3&#8243; width=&#8220;1\/1&#8243;...","og_url":"https:\/\/paypense.com\/de\/imprint\/","og_site_name":"paypense.com","article_modified_time":"2022-03-26T23:48:02+00:00","og_image":[{"width":1200,"height":630,"url":"https:\/\/paypense.com\/wp-content\/uploads\/2022\/03\/PayPense_Logo_FB.png","type":"image\/png"}],"twitter_card":"summary_large_image","twitter_misc":{"Gesch\u00e4tzte Lesezeit":"2 Minuten"},"schema":{"@context":"https:\/\/schema.org","@graph":[{"@type":"WebPage","@id":"https:\/\/paypense.com\/de\/imprint\/","url":"https:\/\/paypense.com\/de\/imprint\/","name":"Impressum | paypense.com","isPartOf":{"@id":"https:\/\/paypense.com\/de\/#website"},"datePublished":"2021-11-24T12:37:07+00:00","dateModified":"2022-03-26T23:48:02+00:00","breadcrumb":{"@id":"https:\/\/paypense.com\/de\/imprint\/#breadcrumb"},"inLanguage":"de-DE","potentialAction":[{"@type":"ReadAction","target":["https:\/\/paypense.com\/de\/imprint\/"]}]},{"@type":"BreadcrumbList","@id":"https:\/\/paypense.com\/de\/imprint\/#breadcrumb","itemListElement":[{"@type":"ListItem","position":1,"name":"Startseite","item":"https:\/\/paypense.com\/de\/"},{"@type":"ListItem","position":2,"name":"Impressum"}]},{"@type":"WebSite","@id":"https:\/\/paypense.com\/de\/#website","url":"https:\/\/paypense.com\/de\/","name":"paypense.com","description":"your intelligent expense","publisher":{"@id":"https:\/\/paypense.com\/de\/#organization"},"potentialAction":[{"@type":"SearchAction","target":{"@type":"EntryPoint","urlTemplate":"https:\/\/paypense.com\/de\/?s={search_term_string}"},"query-input":"required name=search_term_string"}],"inLanguage":"de-DE"},{"@type":"Organization","@id":"https:\/\/paypense.com\/de\/#organization","name":"PayPense","url":"https:\/\/paypense.com\/de\/","logo":{"@type":"ImageObject","inLanguage":"de-DE","@id":"https:\/\/paypense.com\/de\/#\/schema\/logo\/image\/","url":"https:\/\/paypense.com\/wp-content\/uploads\/2021\/11\/placeholder_partner_color.png","contentUrl":"https:\/\/paypense.com\/wp-content\/uploads\/2021\/11\/placeholder_partner_color.png","width":200,"height":52,"caption":"PayPense"},"image":{"@id":"https:\/\/paypense.com\/de\/#\/schema\/logo\/image\/"}}]}},"_links":{"self":[{"href":"https:\/\/paypense.com\/de\/wp-json\/wp\/v2\/pages\/7322"}],"collection":[{"href":"https:\/\/paypense.com\/de\/wp-json\/wp\/v2\/pages"}],"about":[{"href":"https:\/\/paypense.com\/de\/wp-json\/wp\/v2\/types\/page"}],"author":[{"embeddable":true,"href":"https:\/\/paypense.com\/de\/wp-json\/wp\/v2\/users\/1"}],"replies":[{"embeddable":true,"href":"https:\/\/paypense.com\/de\/wp-json\/wp\/v2\/comments?post=7322"}],"version-history":[{"count":1,"href":"https:\/\/paypense.com\/de\/wp-json\/wp\/v2\/pages\/7322\/revisions"}],"predecessor-version":[{"id":7585,"href":"https:\/\/paypense.com\/de\/wp-json\/wp\/v2\/pages\/7322\/revisions\/7585"}],"wp:attachment":[{"href":"https:\/\/paypense.com\/de\/wp-json\/wp\/v2\/media?parent=7322"}],"curies":[{"name":"wp","href":"https:\/\/api.w.org\/{rel}","templated":true}]}}